{"id":184,"date":"2026-03-03T01:48:58","date_gmt":"2026-03-03T01:48:58","guid":{"rendered":"https:\/\/riikkapontinen.fi\/?page_id=184"},"modified":"2026-03-09T20:44:35","modified_gmt":"2026-03-09T20:44:35","slug":"media","status":"publish","type":"page","link":"https:\/\/riikkapontinen.fi\/?page_id=184","title":{"rendered":"Media"},"content":{"rendered":"\n<div class=\"wp-block-group alignfull has-accent-2-background-color has-background has-global-padding is-layout-constrained wp-container-core-group-is-layout-669513ed wp-block-group-is-layout-constrained\" style=\"margin-top:0;margin-bottom:0;padding-top:var(--wp--preset--spacing--50);padding-right:var(--wp--preset--spacing--50);padding-bottom:var(--wp--preset--spacing--50);padding-left:var(--wp--preset--spacing--50)\">\n<div class=\"wp-block-columns alignwide is-layout-flex wp-container-core-columns-is-layout-28f84493 wp-block-columns-is-layout-flex\">\n<div class=\"wp-block-column is-layout-flow wp-block-column-is-layout-flow\" style=\"flex-basis:60%\">\n<p class=\"has-heading-font-family has-x-large-font-size\" style=\"line-height:1.2\">Mediajutut<\/p>\n<\/div>\n<\/div>\n\n\n\n<div class=\"wp-block-columns is-layout-flex wp-container-core-columns-is-layout-28f84493 wp-block-columns-is-layout-flex\">\n<div class=\"wp-block-column is-layout-flow wp-block-column-is-layout-flow\"><\/div>\n<\/div>\n\n\n\n<figure class=\"wp-block-image alignwide size-large has-custom-border is-style-default\"><img fetchpriority=\"high\" decoding=\"async\" width=\"1024\" height=\"394\" src=\"https:\/\/riikkapontinen.fi\/wp-content\/uploads\/2026\/02\/cropped-Riikka21-scaled-1-1024x394.jpg\" alt=\"\" class=\"wp-image-47\" style=\"border-top-left-radius:100px;border-top-right-radius:100px;border-bottom-left-radius:100px;border-bottom-right-radius:100px\" srcset=\"https:\/\/riikkapontinen.fi\/wp-content\/uploads\/2026\/02\/cropped-Riikka21-scaled-1-1024x394.jpg 1024w, https:\/\/riikkapontinen.fi\/wp-content\/uploads\/2026\/02\/cropped-Riikka21-scaled-1-300x115.jpg 300w, https:\/\/riikkapontinen.fi\/wp-content\/uploads\/2026\/02\/cropped-Riikka21-scaled-1-768x295.jpg 768w, https:\/\/riikkapontinen.fi\/wp-content\/uploads\/2026\/02\/cropped-Riikka21-scaled-1-1140x439.jpg 1140w, https:\/\/riikkapontinen.fi\/wp-content\/uploads\/2026\/02\/cropped-Riikka21-scaled-1.jpg 1500w\" sizes=\"(max-width: 1024px) 100vw, 1024px\" \/><\/figure>\n<\/div>\n\n\n\n<div class=\"wp-block-group alignfull has-base-background-color has-background has-global-padding is-layout-constrained wp-container-core-group-is-layout-d89aad35 wp-block-group-is-layout-constrained\" style=\"margin-top:0;margin-bottom:0;padding-top:var(--wp--preset--spacing--50);padding-right:var(--wp--preset--spacing--50);padding-bottom:var(--wp--preset--spacing--50);padding-left:var(--wp--preset--spacing--50)\">\n<div class=\"wp-block-columns alignwide is-layout-flex wp-container-core-columns-is-layout-549b0c86 wp-block-columns-is-layout-flex\">\n<div class=\"wp-block-column is-layout-flow wp-container-core-column-is-layout-119bc444 wp-block-column-is-layout-flow\" style=\"flex-basis:60%\">\n<p class=\"has-heading-font-family has-x-large-font-size\" style=\"line-height:1.2\">Lehtijutut<\/p>\n\n\n\n<div class=\"wp-block-columns is-layout-flex wp-container-core-columns-is-layout-28f84493 wp-block-columns-is-layout-flex\">\n<div class=\"wp-block-column is-layout-flow wp-block-column-is-layout-flow\">\n<p><a href=\"https:\/\/www.mtvuutiset.fi\/artikkeli\/tama-seksuaalioikeus-ei-toteudu-suomessa-kaikkien-lasten-ja-nuorten-kohdalla\/9033300\">T\u00e4m\u00e4 seksuaalioikeus ei toteudu Suomessa kaikkien lasten ja nuorten kohdalla<\/a><\/p>\n\n\n\n<p><a href=\"https:\/\/www.mtvuutiset.fi\/artikkeli\/nain-suomen-lainsaadanto-heikentaa-seksityolaisten-perusoikeuksia-kaytannossa-siina-rangaistaan-seksityontekijaa\/8905608\" data-type=\"link\" data-id=\"https:\/\/www.mtvuutiset.fi\/artikkeli\/nain-suomen-lainsaadanto-heikentaa-seksityolaisten-perusoikeuksia-kaytannossa-siina-rangaistaan-seksityontekijaa\/8905608\">N\u00e4in Suomen lains\u00e4\u00e4d\u00e4nt\u00f6 heikent\u00e4\u00e4 seksity\u00f6l\u00e4isten perusoikeuksia &#8211; &#8221;k\u00e4yt\u00e4nn\u00f6ss\u00e4 siin\u00e4 rankaistaan seksity\u00f6ntekij\u00e4\u00e4&#8221;<\/a><\/p>\n\n\n\n<p><a href=\"https:\/\/www.mtvuutiset.fi\/artikkeli\/oikeustoimilla-uhkailua-ja-kyseenalaisia-luentoja-opiskelijat-ja-tyontekijat-ihmettelevat-seksuaalioikeuksia-ajavan-sexpon-toimintaa\/8814246\">Oikeustoimilla uhkailua ja kyseenalaisia luentoja \u2013 joukko opiskelijoita ja ty\u00f6ntekij\u00f6it\u00e4 ihmettelee Sexpon toimintaa<\/a><\/p>\n\n\n\n<p><a href=\"https:\/\/hybrislehti.net\/riikka-pntinen-ihmisoikeuksia-kunnioittava-suomi\">Ihmisoikeuksia kunnioittava Suomi \u2013 t\u00e4m\u00e4n p\u00e4iv\u00e4n utopia on huomisen itsest\u00e4\u00e4nselvyys<\/a><\/p>\n<\/div>\n<\/div>\n<\/div>\n<\/div>\n<\/div>\n\n\n\n<div class=\"wp-block-group alignfull has-base-background-color has-background has-global-padding is-layout-constrained wp-container-core-group-is-layout-d89aad35 wp-block-group-is-layout-constrained\" style=\"margin-top:0;margin-bottom:0;padding-top:var(--wp--preset--spacing--50);padding-right:var(--wp--preset--spacing--50);padding-bottom:var(--wp--preset--spacing--50);padding-left:var(--wp--preset--spacing--50)\">\n<div class=\"wp-block-columns alignwide is-layout-flex wp-container-core-columns-is-layout-549b0c86 wp-block-columns-is-layout-flex\">\n<div class=\"wp-block-column is-layout-flow wp-container-core-column-is-layout-119bc444 wp-block-column-is-layout-flow\" style=\"flex-basis:60%\">\n<p class=\"has-heading-font-family has-x-large-font-size\" style=\"line-height:1.2\">Mielipidekirjoitukset<\/p>\n\n\n\n<div class=\"wp-block-columns is-layout-flex wp-container-core-columns-is-layout-87beb0d0 wp-block-columns-is-layout-flex\">\n<div class=\"wp-block-column is-layout-flow wp-block-column-is-layout-flow\">\n<p class=\"wp-container-content-9cfa9a5a\"><\/p>\n\n\n\n<p><\/p>\n<\/div>\n<\/div>\n<\/div>\n<\/div>\n\n\n\n<div class=\"wp-block-columns is-layout-flex wp-container-core-columns-is-layout-28f84493 wp-block-columns-is-layout-flex\">\n<div class=\"wp-block-column is-vertically-aligned-top is-layout-flow wp-block-column-is-layout-flow\"><\/div>\n<\/div>\n<\/div>\n\n\n\n<div class=\"wp-block-cover alignfull is-light has-parallax\" style=\"padding-top:var(--wp--preset--spacing--50);padding-right:var(--wp--preset--spacing--50);padding-bottom:var(--wp--preset--spacing--50);padding-left:var(--wp--preset--spacing--50);min-height:100vh;aspect-ratio:unset;\"><div class=\"wp-block-cover__image-background wp-image-139 size-full has-parallax\" style=\"background-position:50% 50%;background-image:url(https:\/\/riikkapontinen.fi\/wp-content\/uploads\/2026\/02\/Riikka25-scaled.jpg)\"><\/div><span aria-hidden=\"true\" class=\"wp-block-cover__background has-base-background-color has-background-dim-0 has-background-dim\"><\/span><div class=\"wp-block-cover__inner-container has-global-padding is-layout-constrained wp-container-core-cover-is-layout-e4fd886c wp-block-cover-is-layout-constrained\">\n<p class=\"has-text-align-center has-large-font-size\"><\/p>\n<\/div><\/div>\n\n\n\n<div class=\"wp-block-group is-vertical is-content-justification-center is-layout-flex wp-container-core-group-is-layout-838cd1cc wp-block-group-is-layout-flex\" style=\"padding-top:var(--wp--preset--spacing--40);padding-bottom:var(--wp--preset--spacing--50)\"><nav class=\"has-small-font-size items-justified-center wp-block-navigation is-content-justification-center is-layout-flex wp-container-core-navigation-is-layout-a89b3969 wp-block-navigation-is-layout-flex\" aria-label=\"Navigaatio\">\n<div class=\"wp-block-buttons is-layout-flex wp-block-buttons-is-layout-flex\">\n<div class=\"wp-block-button\"><a class=\"wp-block-button__link wp-element-button\" href=\"https:\/\/riikkapontinen.fi\/?page_id=43\">CV<\/a><\/div>\n<\/div>\n\n<div class=\"wp-block-buttons is-layout-flex wp-block-buttons-is-layout-flex\">\n<div class=\"wp-block-button\"><a class=\"wp-block-button__link wp-element-button\" href=\"https:\/\/riikkapontinen.fi\/?page_id=154\">Keskeiset saavutukset<\/a><\/div>\n<\/div>\n\n<div class=\"wp-block-buttons is-layout-flex wp-block-buttons-is-layout-flex\">\n<div class=\"wp-block-button\"><a class=\"wp-block-button__link wp-element-button\" href=\"https:\/\/riikkapontinen.fi\/?page_id=184\">Media<\/a><\/div>\n<\/div>\n<form role=\"search\" method=\"get\" action=\"https:\/\/riikkapontinen.fi\/\" class=\"wp-block-search__button-inside wp-block-search__icon-button wp-block-search\"    ><label class=\"wp-block-search__label screen-reader-text\" for=\"wp-block-search__input-1\" >Etsi<\/label><div class=\"wp-block-search__inside-wrapper\" ><input class=\"wp-block-search__input\" id=\"wp-block-search__input-1\" placeholder=\"\" value=\"\" type=\"search\" name=\"s\" required \/><button aria-label=\"Etsi\" class=\"wp-block-search__button has-icon wp-element-button\" type=\"submit\" ><svg class=\"search-icon\" viewBox=\"0 0 24 24\" width=\"24\" height=\"24\">\n\t\t\t\t\t<path d=\"M13 5c-3.3 0-6 2.7-6 6 0 1.4.5 2.7 1.3 3.7l-3.8 3.8 1.1 1.1 3.8-3.8c1 .8 2.3 1.3 3.7 1.3 3.3 0 6-2.7 6-6S16.3 5 13 5zm0 10.5c-2.5 0-4.5-2-4.5-4.5s2-4.5 4.5-4.5 4.5 2 4.5 4.5-2 4.5-4.5 4.5z\"><\/path>\n\t\t\t\t<\/svg><\/button><\/div><\/form><\/nav><\/div>\n","protected":false},"excerpt":{"rendered":"<p>Mediajutut Lehtijutut T\u00e4m\u00e4 seksuaalioikeus ei toteudu Suomessa kaikkien lasten ja nuorten kohdalla N\u00e4in Suomen lains\u00e4\u00e4d\u00e4nt\u00f6 heikent\u00e4\u00e4 seksity\u00f6l\u00e4isten perusoikeuksia &#8211; &#8221;k\u00e4yt\u00e4nn\u00f6ss\u00e4 siin\u00e4 rankaistaan seksity\u00f6ntekij\u00e4\u00e4&#8221; Oikeustoimilla uhkailua ja kyseenalaisia luentoja \u2013 joukko opiskelijoita ja ty\u00f6ntekij\u00f6it\u00e4 ihmettelee Sexpon toimintaa Ihmisoikeuksia kunnioittava Suomi \u2013 t\u00e4m\u00e4n p\u00e4iv\u00e4n utopia on huomisen itsest\u00e4\u00e4nselvyys Mielipidekirjoitukset<\/p>\n","protected":false},"author":1,"featured_media":0,"parent":0,"menu_order":0,"comment_status":"closed","ping_status":"closed","template":"","meta":{"footnotes":""},"class_list":["post-184","page","type-page","status-publish","hentry"],"_links":{"self":[{"href":"https:\/\/riikkapontinen.fi\/index.php?rest_route=\/wp\/v2\/pages\/184","targetHints":{"allow":["GET"]}}],"collection":[{"href":"https:\/\/riikkapontinen.fi\/index.php?rest_route=\/wp\/v2\/pages"}],"about":[{"href":"https:\/\/riikkapontinen.fi\/index.php?rest_route=\/wp\/v2\/types\/page"}],"author":[{"embeddable":true,"href":"https:\/\/riikkapontinen.fi\/index.php?rest_route=\/wp\/v2\/users\/1"}],"replies":[{"embeddable":true,"href":"https:\/\/riikkapontinen.fi\/index.php?rest_route=%2Fwp%2Fv2%2Fcomments&post=184"}],"version-history":[{"count":5,"href":"https:\/\/riikkapontinen.fi\/index.php?rest_route=\/wp\/v2\/pages\/184\/revisions"}],"predecessor-version":[{"id":209,"href":"https:\/\/riikkapontinen.fi\/index.php?rest_route=\/wp\/v2\/pages\/184\/revisions\/209"}],"wp:attachment":[{"href":"https:\/\/riikkapontinen.fi\/index.php?rest_route=%2Fwp%2Fv2%2Fmedia&parent=184"}],"curies":[{"name":"wp","href":"https:\/\/api.w.org\/{rel}","templated":true}]}}