{"id":43,"date":"2026-02-22T00:56:48","date_gmt":"2026-02-22T00:56:48","guid":{"rendered":"https:\/\/riikkapontinen.fi\/?page_id=43"},"modified":"2026-03-03T01:02:04","modified_gmt":"2026-03-03T01:02:04","slug":"cv","status":"publish","type":"page","link":"https:\/\/riikkapontinen.fi\/?page_id=43","title":{"rendered":"Tietoa minusta"},"content":{"rendered":"\n<div class=\"wp-block-group alignfull has-accent-4-background-color has-background has-global-padding is-layout-constrained wp-container-core-group-is-layout-7161298f wp-block-group-is-layout-constrained\" style=\"margin-top:0;margin-bottom:0;padding-top:var(--wp--preset--spacing--50);padding-right:var(--wp--preset--spacing--50);padding-bottom:var(--wp--preset--spacing--50);padding-left:var(--wp--preset--spacing--50)\">\n<div class=\"wp-block-columns alignwide is-layout-flex wp-container-core-columns-is-layout-1da03c2a wp-block-columns-is-layout-flex\">\n<div class=\"wp-block-column is-vertically-aligned-stretch is-layout-flow wp-block-column-is-layout-flow\" style=\"flex-basis:50%\">\n<div class=\"wp-block-group is-vertical is-content-justification-stretch is-layout-flex wp-container-core-group-is-layout-444d5ee8 wp-block-group-is-layout-flex\" style=\"min-height:100%\">\n<p class=\"has-heading-font-family has-x-large-font-size\" style=\"line-height:1.2\"><strong>Nykyiset poliittiset luottamusteht\u00e4v\u00e4t<\/strong><\/p>\n\n\n\n<ul class=\"wp-block-list\">\n<li>Vasemmistonaiset, hallituksen j\u00e4sen 2026-2029<\/li>\n\n\n\n<li>Yhteiskunta-alan korkeakoulutetut YKA ry:n varavaltuutettu 2026-2029<\/li>\n\n\n\n<li>Varavaltuutettu, Tampereen kaupunginvaltuusto 2025-2029<\/li>\n\n\n\n<li>Kasvatus- ja opetuslautakunnan varaj\u00e4sen, Tampereen kaupunki 2025-2027<\/li>\n\n\n\n<li>Asiakkuus- ja laatujaoston varaj\u00e4sen, Pirkanmaan hyvinvointialue 2025-2027<\/li>\n<\/ul>\n\n\n\n<div class=\"wp-block-group has-global-padding is-content-justification-left is-layout-constrained wp-container-core-group-is-layout-9fe8ed88 wp-block-group-is-layout-constrained\">\n<p class=\"wp-container-content-0733e5d0\"><\/p>\n\n\n\n<div class=\"wp-block-buttons is-layout-flex wp-block-buttons-is-layout-flex\"><\/div>\n<\/div>\n<\/div>\n<\/div>\n\n\n\n<div class=\"wp-block-column is-vertically-aligned-center is-layout-flow wp-block-column-is-layout-flow\" style=\"flex-basis:50%\">\n<figure class=\"wp-block-image size-full is-style-rounded is-style-rounded--1\"><img fetchpriority=\"high\" decoding=\"async\" width=\"2560\" height=\"1707\" src=\"https:\/\/riikkapontinen.fi\/wp-content\/uploads\/2026\/02\/Riikka23-scaled.jpg\" alt=\"\" class=\"wp-image-78\" style=\"aspect-ratio:3\/4;object-fit:cover\" srcset=\"https:\/\/riikkapontinen.fi\/wp-content\/uploads\/2026\/02\/Riikka23-scaled.jpg 2560w, https:\/\/riikkapontinen.fi\/wp-content\/uploads\/2026\/02\/Riikka23-300x200.jpg 300w\" sizes=\"(max-width: 2560px) 100vw, 2560px\" \/><\/figure>\n<\/div>\n<\/div>\n<\/div>\n\n\n\n<div class=\"wp-block-group alignfull has-accent-4-background-color has-background has-global-padding is-layout-constrained wp-container-core-group-is-layout-7161298f wp-block-group-is-layout-constrained\" style=\"margin-top:0;margin-bottom:0;padding-top:var(--wp--preset--spacing--50);padding-right:var(--wp--preset--spacing--50);padding-bottom:var(--wp--preset--spacing--50);padding-left:var(--wp--preset--spacing--50)\">\n<div class=\"wp-block-group alignfull has-accent-5-background-color has-background has-global-padding is-layout-constrained wp-container-core-group-is-layout-d89aad35 wp-block-group-is-layout-constrained\" style=\"margin-top:0;margin-bottom:0;padding-top:var(--wp--preset--spacing--50);padding-right:var(--wp--preset--spacing--50);padding-bottom:var(--wp--preset--spacing--50);padding-left:var(--wp--preset--spacing--50)\">\n<div class=\"wp-block-columns alignwide is-layout-flex wp-container-core-columns-is-layout-1da03c2a wp-block-columns-is-layout-flex\">\n<div class=\"wp-block-column is-vertically-aligned-center is-layout-flow wp-block-column-is-layout-flow\" style=\"flex-basis:60%\">\n<figure class=\"wp-block-image size-full is-resized is-style-rounded wp-duotone-duotone-1 is-style-rounded--2\"><img decoding=\"async\" width=\"2000\" height=\"1198\" src=\"https:\/\/riikkapontinen.fi\/wp-content\/uploads\/2026\/02\/cropped-Riikka21-scaled-2.jpg\" alt=\"\" class=\"wp-image-91\" style=\"aspect-ratio:1.3333333333333333;object-fit:cover;width:345px;height:auto\" srcset=\"https:\/\/riikkapontinen.fi\/wp-content\/uploads\/2026\/02\/cropped-Riikka21-scaled-2.jpg 2000w, https:\/\/riikkapontinen.fi\/wp-content\/uploads\/2026\/02\/cropped-Riikka21-scaled-2-300x180.jpg 300w, https:\/\/riikkapontinen.fi\/wp-content\/uploads\/2026\/02\/cropped-Riikka21-scaled-2-1024x613.jpg 1024w, https:\/\/riikkapontinen.fi\/wp-content\/uploads\/2026\/02\/cropped-Riikka21-scaled-2-768x460.jpg 768w, https:\/\/riikkapontinen.fi\/wp-content\/uploads\/2026\/02\/cropped-Riikka21-scaled-2-1536x920.jpg 1536w\" sizes=\"(max-width: 2000px) 100vw, 2000px\" \/><\/figure>\n<\/div>\n\n\n\n<div class=\"wp-block-column is-layout-flow wp-block-column-is-layout-flow\" style=\"flex-basis:40%\">\n<h2 class=\"wp-block-heading has-heading-font-family\"><strong>Muu vaikuttamisty\u00f6<\/strong><\/h2>\n\n\n\n<ul class=\"wp-block-list\">\n<li>J\u00e4rjest\u00f6koordinaattori, Valtakunnallinen seksuaalikasvatuksen verkosto VALVE ry 2025-<\/li>\n\n\n\n<li>Puheenjohtaja, nuorisoty\u00f6n asiantuntijoiden toimikunta, Nuoriso- ja liikunta-alan asiantuntijat NUOLI ry, 2025-<\/li>\n\n\n\n<li>Puheenjohtaja, Valtakunnallinen seksuaalikasvatuksen verkosto VALVE ry 2021-2025<\/li>\n\n\n\n<li>Varavaltuutettu, Yhteiskunta-alan korkeakoulutetut YKA ry 2026-2029<\/li>\n\n\n\n<li>Puheenjohtaja, Nuorisoty\u00f6n ja -tutkimuksen ainej\u00e4rjest\u00f6 Nurina ry 2014-2017<\/li>\n\n\n\n<li>Sihteeri, Nuorisoty\u00f6n ja -tutkimuksen ainej\u00e4rjest\u00f6 Nurina ry 2013<\/li>\n<\/ul>\n<\/div>\n<\/div>\n<\/div>\n<\/div>\n\n\n\n<div class=\"wp-block-group alignfull has-accent-4-background-color has-background has-global-padding is-layout-constrained wp-container-core-group-is-layout-7161298f wp-block-group-is-layout-constrained\" style=\"margin-top:0;margin-bottom:0;padding-top:var(--wp--preset--spacing--50);padding-right:var(--wp--preset--spacing--50);padding-bottom:var(--wp--preset--spacing--50);padding-left:var(--wp--preset--spacing--50)\">\n<div class=\"wp-block-columns alignwide is-layout-flex wp-container-core-columns-is-layout-1da03c2a wp-block-columns-is-layout-flex\">\n<div class=\"wp-block-column is-vertically-aligned-stretch is-layout-flow wp-block-column-is-layout-flow\" style=\"flex-basis:50%\">\n<div class=\"wp-block-group is-vertical is-content-justification-stretch is-layout-flex wp-container-core-group-is-layout-444d5ee8 wp-block-group-is-layout-flex\" style=\"min-height:100%\">\n<p class=\"has-heading-font-family has-x-large-font-size\" style=\"line-height:1.2\"><strong>Verkostoty\u00f6<\/strong><\/p>\n\n\n\n<ul class=\"wp-block-list\">\n<li>Antigender-verkosto (Naisj\u00e4rjest\u00f6jen keskusliitto &amp; Helsinki Pride-yhteis\u00f6), 2026-<\/li>\n\n\n\n<li>Naiset, rauha ja turvallisuus-verkosto (UNWomen), 2025-<\/li>\n\n\n\n<li>Kasvatus- ja opetusalojen tasa-arvo- ja yhdenvertaisuusverkosto YHTEYS (Ekvalita), 2025-<\/li>\n\n\n\n<li>Seksuaalioikeusverkosto (V\u00e4est\u00f6liitto), 2021-2025<\/li>\n\n\n\n<li>Pirkanmaan seksuaalikasvatuksen kehitt\u00e4misen ty\u00f6ryhm\u00e4 (Sinuiksi ry), 2023-2024<\/li>\n<\/ul>\n\n\n\n<div class=\"wp-block-group has-global-padding is-content-justification-left is-layout-constrained wp-container-core-group-is-layout-9fe8ed88 wp-block-group-is-layout-constrained\">\n<p class=\"wp-container-content-0733e5d0\"><\/p>\n\n\n\n<div class=\"wp-block-buttons is-layout-flex wp-block-buttons-is-layout-flex\"><\/div>\n<\/div>\n<\/div>\n<\/div>\n\n\n\n<div class=\"wp-block-column is-vertically-aligned-center is-layout-flow wp-block-column-is-layout-flow\" style=\"flex-basis:50%\">\n<figure class=\"wp-block-image size-full is-style-rounded is-style-rounded--3\"><img decoding=\"async\" width=\"2560\" height=\"1707\" src=\"https:\/\/riikkapontinen.fi\/wp-content\/uploads\/2026\/02\/Riikka25-scaled.jpg\" alt=\"\" class=\"wp-image-139\" style=\"aspect-ratio:3\/4;object-fit:cover\" srcset=\"https:\/\/riikkapontinen.fi\/wp-content\/uploads\/2026\/02\/Riikka25-scaled.jpg 2560w, https:\/\/riikkapontinen.fi\/wp-content\/uploads\/2026\/02\/Riikka25-300x200.jpg 300w\" sizes=\"(max-width: 2560px) 100vw, 2560px\" \/><\/figure>\n<\/div>\n<\/div>\n<\/div>\n\n\n\n<div class=\"wp-block-group alignfull has-base-color has-contrast-background-color has-text-color has-background has-global-padding is-layout-constrained wp-container-core-group-is-layout-ef3d885c wp-block-group-is-layout-constrained\" style=\"margin-top:0;margin-bottom:0;padding-top:var(--wp--preset--spacing--60);padding-right:var(--wp--preset--spacing--60);padding-bottom:var(--wp--preset--spacing--60);padding-left:var(--wp--preset--spacing--60)\">\n<div class=\"wp-block-group has-global-padding is-layout-constrained wp-block-group-is-layout-constrained\">\n<p class=\"has-text-align-center has-base-color has-text-color has-heading-font-family has-x-large-font-size\" style=\"line-height:1.2\"><em>\u201cYhteiskunta on ep\u00e4onnistunut niin kauan kuin yksikin ihminen j\u00e4\u00e4 syrj\u00e4\u00e4n\u201d<\/em><\/p>\n\n\n\n<div style=\"height:var(--wp--preset--spacing--10)\" aria-hidden=\"true\" class=\"wp-block-spacer\"><\/div>\n<\/div>\n<\/div>\n\n\n\n<p><\/p>\n","protected":false},"excerpt":{"rendered":"<p>Nykyiset poliittiset luottamusteht\u00e4v\u00e4t Muu vaikuttamisty\u00f6 Verkostoty\u00f6 \u201cYhteiskunta on ep\u00e4onnistunut niin kauan kuin yksikin ihminen j\u00e4\u00e4 syrj\u00e4\u00e4n\u201d<\/p>\n","protected":false},"author":1,"featured_media":0,"parent":0,"menu_order":0,"comment_status":"closed","ping_status":"closed","template":"","meta":{"footnotes":""},"class_list":["post-43","page","type-page","status-publish","hentry"],"_links":{"self":[{"href":"https:\/\/riikkapontinen.fi\/index.php?rest_route=\/wp\/v2\/pages\/43","targetHints":{"allow":["GET"]}}],"collection":[{"href":"https:\/\/riikkapontinen.fi\/index.php?rest_route=\/wp\/v2\/pages"}],"about":[{"href":"https:\/\/riikkapontinen.fi\/index.php?rest_route=\/wp\/v2\/types\/page"}],"author":[{"embeddable":true,"href":"https:\/\/riikkapontinen.fi\/index.php?rest_route=\/wp\/v2\/users\/1"}],"replies":[{"embeddable":true,"href":"https:\/\/riikkapontinen.fi\/index.php?rest_route=%2Fwp%2Fv2%2Fcomments&post=43"}],"version-history":[{"count":13,"href":"https:\/\/riikkapontinen.fi\/index.php?rest_route=\/wp\/v2\/pages\/43\/revisions"}],"predecessor-version":[{"id":142,"href":"https:\/\/riikkapontinen.fi\/index.php?rest_route=\/wp\/v2\/pages\/43\/revisions\/142"}],"wp:attachment":[{"href":"https:\/\/riikkapontinen.fi\/index.php?rest_route=%2Fwp%2Fv2%2Fmedia&parent=43"}],"curies":[{"name":"wp","href":"https:\/\/api.w.org\/{rel}","templated":true}]}}